{"id":1423,"date":"2016-01-12T15:30:15","date_gmt":"2016-01-12T14:30:15","guid":{"rendered":"https:\/\/www.villagabriella.net\/?page_id=1423"},"modified":"2016-01-12T15:30:15","modified_gmt":"2016-01-12T14:30:15","slug":"die-villa","status":"publish","type":"page","link":"https:\/\/www.villagabriella.net\/de\/die-villa\/","title":{"rendered":"Die villa"},"content":{"rendered":"<p>[vc_row][vc_column][vc_column_text]<\/p>\n<h2>Villa Asta &#8211; Symbol des Manierismus und der Bourgeoisie<\/h2>\n<h3>Sie wurde von Palladios La Rotonda (heutige Villa Gabriella und elegante Residenz mit B&amp;B-Services f\u00fcr Ehreng\u00e4ste) inspiriert.<\/h3>\n<p>[\/vc_column_text][vc_row_inner][vc_column_inner width=&#8220;1\/2&#8243;][vc_single_image image=&#8220;381&#8243; img_size=&#8220;large&#8220; img_link_large=&#8220;yes&#8220;][\/vc_column_inner][vc_column_inner width=&#8220;1\/2&#8243;][vc_column_text]Im sp\u00e4ten neunzehnten Jahrhundert erf\u00e4hrt die k\u00fcnstlerische Produktion mit der Verbreitung der industriellen Zivilisation in Europa radikale Ver\u00e4nderungen. Ziel ist es dabei, fr\u00fchere klassische Modelle zu \u00fcberwinden, der kreativen Freiheit Platz einzur\u00e4umen und sie den neuen Anforderungen, die durch den technologischen Fortschritt diktiert werden, anzupassen. Die Architekturen ver\u00e4ndern sich, werden asymmetrischer und um architektonische Elemente wie Terrassen, Veranden, Glas- und Eisenvord\u00e4cher, T\u00fcrmchen mit Loggia und oftmals runden Zugangstreppen, die mit Eisen- oder Gusseisengel\u00e4nder verziert werden, bereichert.<\/p>\n<p>Die Insel Lido eignete sich am besten f\u00fcr eklektische Experimente am Anfang des Jahrhunderts. Nicolo Spada, ein wichtiger Unternehmer, wurde es schnell klar, dass dieses zwischen Mittelmeer, der Lagune und nur wenig entfernt von Venedig und dem Markusplatz liegende Gebiet zu einem idealen Urlaubsort werden w\u00fcrde.<br \/>\nDas Projekt eines riesengro\u00dfen Hotels wurde Giovanni Sardi anvertraut, der Anfang des 20. Jahrhunderts das Hotel Excelsior erbaute. Gleichzeitig entstanden das Hotel Hungaria und das Hotel Des Bains: bezauberndes und elegantes Geb\u00e4ude, das erste mit Privatstrand und einem gro\u00dfen k\u00fch\u00adlen und duftenden Park.[\/vc_column_text][\/vc_column_inner][\/vc_row_inner][vc_row_inner][vc_column_inner width=&#8220;2\/3&#8243;][vc_column_text]Der qualitative Sprung war erfolgt: Der Lido wurde vom europ\u00e4ischen Adel, Vertretern der hohen Politik und Wirtschaft, K\u00fcnstlern und internationalen Musikern gew\u00e4hlt, und die reiche Mittelschicht riss sich darum, in diesen mond\u00e4nen Urlaubskreis einzutreten. F\u00fcr den Bereich zwischen den oben genannten Hotels wurden Pl\u00e4ne ausgearbeitet und Architekten unterschiedlicher Herkunft versuchten es sich an den eklektischsten Bauten, die man sich nur vorstellen konnte.<\/p>\n<p>Man bezog sich auf die Klassik und die Gotik, setzte byzantinische Elemente ein, um sich an die historischen Wurzeln zu klammern, allerdings wurden auch Innovationen eingef\u00fchrt, die jenseits der Alpen in den S\u00fcden kamen und die Sprache der Wiener Sezession, des Jugendstils, des englischen und belgischen Liberty-Stils und des Art D\u00e9co in die lokalen Elementen einflie\u00dfen lie\u00dfen.<\/p>\n<p>Hier, auf dieser Landzunge zwischen Meer und Lagune, die bald \u201eIsola d&#8217;Oro\u201c, goldene Insel, genannt wurde, entstand ein harmonisches, angenehmes und vor allem augenf\u00e4lliges Ergebnis.<\/p>\n<p>Unter den zahlreichen Villen und Hotels, die zu Beginn des 20. Jahrhunderts gebaut wurden, w\u00fcrde ich gern \u00fcber die Villa Asta, hier im Bild, sprechen. Sie wurde im Jahre 1928 vom Ing. Sicher erbaut und eindeutig von Villa Capra-Valmarana, La Rotonda von Andrea Palladio genannt, inspiriert.[\/vc_column_text][\/vc_column_inner][vc_column_inner width=&#8220;1\/3&#8243;][vc_single_image image=&#8220;415&#8243; img_size=&#8220;medium&#8220; img_link_large=&#8220;yes&#8220;][\/vc_column_inner][\/vc_row_inner][vc_column_text]Diese Villa wurde auf Gehei\u00df von Olga Lustig Asta als saisonale Residenz in Auftrag gegeben und hierf\u00fcr ein Ort mit besonderem Panorama ausgew\u00e4hlt: gegen\u00fcber dem Meer, an der Kreuzung zweier Stra\u00dfen und nahe eines Platzes. Wegen der Gr\u00f6\u00dfe und r\u00e4umlichen \u00d6ffnung konnte das Geb\u00e4ude mit drei Fassaden, die dank der Erhabenheit der ionischen S\u00e4ulen, der Pr\u00e4senz von Tympanons und Zugangstreppen hervorgehoben werden, um einen Zentralk\u00f6rper herum gebaut werden. Rundherum befindet sich der Garten mit sch\u00f6nen Toren und S\u00e4ulen, die von Hecken und abwechslungsreicher Vegetation umgeben sind.[\/vc_column_text][vc_row_inner][vc_column_inner width=&#8220;1\/4&#8243;][vc_single_image image=&#8220;414&#8243; img_size=&#8220;large&#8220; img_link_large=&#8220;yes&#8220;][\/vc_column_inner][vc_column_inner width=&#8220;3\/4&#8243;][vc_column_text]Neben dem klassischen Geb\u00e4ude finden wir weitere Elemente des Jugendstils, vor allem in den Innenbereichen, wie kunstvoll verzierte Balken, mit rotem Verona Marmorino bemalten S\u00e4ulen, Rahmen, Stucke, Gel\u00e4nder und einer originalen Steinplatte mit Intarsien, die f\u00fcr mittelalterliche Wandteppiche typische Ritus- und Tiersymbole abbilden.<\/p>\n<p>Eine Wendeltreppe f\u00fchrt zur achteckigen Glas- und Eisenlaterne mit einem ringf\u00f6rmigen Raum, wo man eine der sch\u00f6nsten Ausblicke auf den Lido genie\u00dfen kann: vom offenen Meer auf die umliegenden G\u00e4rten, von der Lagune zum Markusbecken.<\/p>\n<p>Frau Olga Asta war eine bekannte Spitzenkl\u00f6pplerin und rief in den 30er Jahren eine intensive Herstellung von Spitzen- und Fileth\u00e4keleien ins Leben, dabei blieb man den Ausf\u00fchrungstechniken der antiken Tradition der Schule von Burano treu. Die Motive wurden allerdings dem zeitgen\u00f6ssischen Geschmack angepasst, was zu einem gewissen Bekanntheitsgrad und zum kommerziellem Erfolg f\u00fchrte.[\/vc_column_text][\/vc_column_inner][\/vc_row_inner][vc_row_inner][vc_column_inner width=&#8220;1\/2&#8243;][vc_column_text]Die wichtigsten gekr\u00f6nten H\u00e4upter Europas gaben bei Olga Asta die gesamte Aussteuer in Auftrag und sie deckte jeden Bedarf mit raffinierten Arbeiten und gutem Geschmack. Ein Teil dieser Villa wurde von Hern Stefano Calandra mit gro\u00ad\u00dfer Sorgfalt in ein charmantes Bed &amp; Breakfast umgewandelt, mit Eigenschaften wie die modernste Funktionalit\u00e4t, Einfachheit und Eleganz.[\/vc_column_text][\/vc_column_inner][vc_column_inner width=&#8220;1\/2&#8243;][vc_single_image image=&#8220;1060&#8243; img_size=&#8220;large&#8220; img_link_large=&#8220;yes&#8220;][\/vc_column_inner][\/vc_row_inner][\/vc_column][\/vc_row]<\/p>\n","protected":false},"excerpt":{"rendered":"<p>[vc_row][vc_column][vc_column_text] Villa Asta &#8211; Symbol des Manierismus und der Bourgeoisie Sie wurde von Palladios La Rotonda (heutige Villa Gabriella und elegante Residenz mit B&amp;B-Services f\u00fcr Ehreng\u00e4ste) inspiriert. [\/vc_column_text][vc_row_inner][vc_column_inner width=&#8220;1\/2&#8243;][vc_single_image image=&#8220;381&#8243; img_size=&#8220;large&#8220; img_link_large=&#8220;yes&#8220;][\/vc_column_inner][vc_column_inner width=&#8220;1\/2&#8243;][vc_column_text]Im sp\u00e4ten neunzehnten Jahrhundert erf\u00e4hrt die k\u00fcnstlerische Produktion mit der Verbreitung der industriellen Zivilisation in Europa radikale Ver\u00e4nderungen. Ziel ist es dabei, fr\u00fchere [&hellip;]<\/p>\n","protected":false},"author":3,"featured_media":0,"parent":0,"menu_order":0,"comment_status":"closed","ping_status":"closed","template":"","meta":[],"_links":{"self":[{"href":"https:\/\/www.villagabriella.net\/de\/wp-json\/wp\/v2\/pages\/1423"}],"collection":[{"href":"https:\/\/www.villagabriella.net\/de\/wp-json\/wp\/v2\/pages"}],"about":[{"href":"https:\/\/www.villagabriella.net\/de\/wp-json\/wp\/v2\/types\/page"}],"author":[{"embeddable":true,"href":"https:\/\/www.villagabriella.net\/de\/wp-json\/wp\/v2\/users\/3"}],"replies":[{"embeddable":true,"href":"https:\/\/www.villagabriella.net\/de\/wp-json\/wp\/v2\/comments?post=1423"}],"version-history":[{"count":1,"href":"https:\/\/www.villagabriella.net\/de\/wp-json\/wp\/v2\/pages\/1423\/revisions"}],"predecessor-version":[{"id":1424,"href":"https:\/\/www.villagabriella.net\/de\/wp-json\/wp\/v2\/pages\/1423\/revisions\/1424"}],"wp:attachment":[{"href":"https:\/\/www.villagabriella.net\/de\/wp-json\/wp\/v2\/media?parent=1423"}],"curies":[{"name":"wp","href":"https:\/\/api.w.org\/{rel}","templated":true}]}}