{"id":1435,"date":"2016-01-12T17:29:39","date_gmt":"2016-01-12T16:29:39","guid":{"rendered":"https:\/\/www.villagabriella.net\/?page_id=1435"},"modified":"2016-01-13T12:53:57","modified_gmt":"2016-01-13T11:53:57","slug":"preise","status":"publish","type":"page","link":"https:\/\/www.villagabriella.net\/de\/preise\/","title":{"rendered":"Preise"},"content":{"rendered":"<p>[vc_row][vc_column][vc_row_inner][vc_column_inner][vc_column_text]Die Preise der Zimmer und Appartements in unserem Bed and Breakfast variieren je nach Jahreszeit.<\/p>\n<p>* Nebensaison: 15.11. &#8211; 30.03., Hochsaison: 1. 4. &#8211; 14.11.;<\/p>\n<p><strong>Spezialangebote Hochsaison:<\/strong> Karneval, Ostern, Weihnachten, Neujahr, Woche der Er\u00f6ffnung der Biennale und die Woche darauf, Filmausstellung: variable Preise auf Anfrage; <strong>H\u00f6chstpreis pro Apartment und Tag 400 \u20ac. Maximaler Preis pro Doppelzimmer und Tag 260 \u20ac.<\/strong><\/p>\n<p>** Kinder unter 3 Jahren: kostenlos.[\/vc_column_text][\/vc_column_inner][\/vc_row_inner][vc_text_separator title=&#8220;Preise&#8220;][\/vc_column][\/vc_row][vc_row][vc_column][vc_accordion active_tab=&#8220;false&#8220; collapsible=&#8220;yes&#8220;][vc_accordion_tab title=&#8220;B&amp;B-Standard-Doppelzimmer&#8220;][vc_column_text]<\/p>\n<h3>Preis pro Nacht<\/h3>\n<p>Nebensaison: 75 \u20ac, Hochsaison: 119 \u20ac, Wochenende: 139 \u20ac<\/p>\n<h3>Preis pro Woche<\/h3>\n<p>Nebensaison: 450 \u20ac &#8211; Hochsaison: 774 \u20ac<\/p>\n<p><strong>Im Zimmerpreis des B&amp;B sind inbegriffen:<\/strong> Bereitstellung von Bettw\u00e4sche und Handt\u00fcchern, Toilettenartikel, italienisches Fr\u00fchst\u00fcck, t\u00e4gliche Reinigung, WLAN.<\/p>\n<p><strong>Die Kurtaxe ist nicht im Preis der Schlafzimmer inbegriffen und f\u00fcr bis zu f\u00fcnf Tagen obligatorisch:<\/strong> 1,05 \u20ac pro Tag und Person unter 16 Jahren im Apartment, 2,10 \u20ac pro Tag und Person \u00fcber 16 Jahren im B&amp;B, 50% Erm\u00e4\u00dfigung f\u00fcr Jugendliche zwischen 11 und 17 Jahren. Davon befreit sind Kinder unter 11 Jahren.[\/vc_column_text][\/vc_accordion_tab][vc_accordion_tab title=&#8220;Doppelzimmer Superior&#8220;][vc_column_text]<\/p>\n<h3>Preis pro Nacht<\/h3>\n<p>Nebensaison: 95 \u20ac, Hochsaison: 129 \u20ac, Wochenende: 149 \u20ac<\/p>\n<h3>Preis pro Woche<\/h3>\n<p>Nebensaison: 570 \u20ac, Hochsaison: 834 \u20ac<\/p>\n<p><strong>Im Zimmerpreis des B&amp;B sind inbegriffen:<\/strong> Bereitstellung von Bettw\u00e4sche und Handt\u00fcchern, Toilettenartikel, italienisches Fr\u00fchst\u00fcck, t\u00e4gliche Reinigung, WLAN.<\/p>\n<p><strong>Die Kurtaxe ist nicht im Preis der Schlafzimmer inbegriffen und f\u00fcr bis zu f\u00fcnf Tagen obligatorisch:<\/strong> 1,05 \u20ac pro Tag und Person unter 16 Jahren im Apartment, 2,10 \u20ac pro Tag und Person \u00fcber 16 Jahren im B&amp;B, 50% Erm\u00e4\u00dfigung f\u00fcr Jugendliche zwischen 11 und 17 Jahren. Davon befreit sind Kinder unter 11 Jahren.[\/vc_column_text][\/vc_accordion_tab][vc_accordion_tab title=&#8220;Suite SUD, 3+2 Personen&#8220;][vc_column_text]75 m\u00b2 Apartment, 4 Schlafpl\u00e4tze und ein Balkon mit Sicht auf das Meer: ein Doppelbettzimmer, 1 Doppelzimmer, Wohnzimmer mit Schlafcouch und Kochnische, 1 Badezimmer, Klimaanlage, Fernseher, Waschmaschine, Geschirrsp\u00fcler, WLAN.<\/p>\n<h3>Preis pro Nacht (2 Personen)<\/h3>\n<p>Nebensaison: 119 \u20ac, Hochsaison: 159 \u20ac<\/p>\n<p>Zusatzbett f\u00fcr Erwachsene: mind. 30 \u20ac &#8211; max. 40 \u20ac<br \/>\nZusatzbett Kind: mind. 20 \u20ac &#8211; max. 30 \u20ac<\/p>\n<h3>Preis pro Woche (2 Personen)<\/h3>\n<p>Nebensaison: 714 \u20ac, Hochsaison: 954 \u20ac<\/p>\n<p>Zusatzbett f\u00fcr Erwachsene: mind. 180 \u20ac &#8211; max. 300 \u20ac<br \/>\nZusatzbett Kind: mind. 120 \u20ac &#8211; max. 180 \u20ac<\/p>\n<p><strong>Im Preis der Apartments und Suiten mit K\u00fcche sind inbegriffen:<\/strong> Bereitstellung von Bett- und Badw\u00e4sche, Toilettenartikel, WLAN-Internetzugang, Reinigung und Reinigungsservice nach der H\u00e4lfte des Aufenthaltes (f\u00fcr Aufenthalte l\u00e4nger als 3 Tage).<\/p>\n<p><strong>Die Endreinigung von 25 \u20ac und die Kurtaxe sind nicht im Preis der Apartments inbegriffen und f\u00fcr bis zu f\u00fcnf Tagen obligatorisch:<\/strong> 1,05 \u20ac pro Tag und Person unter 16 Jahren im Apartment, 2,10 \u20ac pro Tag und Person \u00fcber 16 Jahren im B&amp;B, 50% Erm\u00e4\u00dfigung f\u00fcr Jugendliche zwischen 11 und 17 Jahren. Davon befreit sind Kinder unter 11 Jahren.<\/p>\n<p><strong>Nicht im Preis der Apartments inbegriffen und freiwillig:<\/strong> Italienisches Fr\u00fchst\u00fcck, das im Apartment einzunehmen ist (nicht im Preis inbegriffen, auf Anfrage, 6 \u20ac pro Person): Kaffee (Mokka- oder amerikanischer Kaffee), Milch, Trinkschokolade, Tee, pro Person ein frisches Croissant von der B\u00e4ckerei (mit Marmelade, Trinkschokolade, pur), Butter, Marmelade, Fruchtsaft, pro Person ein Wei\u00dfbrot- oder Vollkornbr\u00f6tchen, Cornflakes, pro Person ein Natur- oder Fruchtjoghurt. Kurzfr\u00fchst\u00fcck 3 \u20ac pro Person: pro Person ein Croissant, Kaffee\/ Tee, Milch.[\/vc_column_text][\/vc_accordion_tab][vc_accordion_tab title=&#8220;Suite NORD, 2+2 Personen&#8220;][vc_column_text]50 m\u00b2 Apartment, 2 Schlafpl\u00e4tze + 2 (Schlafcouch) mit Balkon mit seitlichem Meerblick: 1 Schlafzimmer, 1 Esszimmer mit Schlafcouch und Kochnische, 1 Badezimmer, Klimaanlage, Fernseher, Waschmaschine, Geschirrsp\u00fcler, WLAN-Internetzugang.<\/p>\n<p><strong>Es befindet sich 50 Meter vom Hauptgeb\u00e4ude der Villa Gabriella entfernt.<\/strong><\/p>\n<h3>Preis pro Nacht (2 Personen)<\/h3>\n<p>Nebensaison: 119 \u20ac, Hochsaison: 159 \u20ac<\/p>\n<p>Zusatzbett f\u00fcr Erwachsene: mind. 30 \u20ac &#8211; max. 40 \u20ac<br \/>\nZusatzbett Kind: mind. 20 \u20ac &#8211; max. 30 \u20ac<\/p>\n<h3>Preis pro Woche (2 Personen)<\/h3>\n<p>Nebensaison: 714 \u20ac, Hochsaison: 954 \u20ac<\/p>\n<p>Zusatzbett f\u00fcr Erwachsene: mind. 180 \u20ac &#8211; max. 300 \u20ac<br \/>\nZusatzbett Kind: mind. 120 \u20ac &#8211; max. 180 \u20ac<\/p>\n<p><strong>Im Preis der Apartments und Suiten mit K\u00fcche sind inbegriffen:<\/strong> Bereitstellung von Bett- und Badw\u00e4sche, Toilettenartikel, WLAN-Internetzugang, Reinigung und Reinigungsservice nach der H\u00e4lfte des Aufenthaltes (f\u00fcr Aufenthalte l\u00e4nger als 3 Tage).<\/p>\n<p><strong>Die Endreinigung von 25 \u20ac und die Kurtaxe sind nicht im Preis der Apartments inbegriffen und f\u00fcr bis zu f\u00fcnf Tagen obligatorisch:<\/strong> 1,05 \u20ac pro Tag und Person unter 16 Jahren im Apartment, 2,10 \u20ac pro Tag und Person \u00fcber 16 Jahren im B&amp;B, 50% Erm\u00e4\u00dfigung f\u00fcr Jugendliche zwischen 11 und 17 Jahren. Davon befreit sind Kinder unter 11 Jahren.<\/p>\n<p><strong>Nicht im Preis der Apartments inbegriffen und freiwillig:<\/strong> Italienisches Fr\u00fchst\u00fcck, das im Apartment einzunehmen ist (nicht im Preis inbegriffen, auf Anfrage, 6 \u20ac pro Person): Kaffee (Mokka- oder amerikanischer Kaffee), Milch, Trinkschokolade, Tee, pro Person ein frisches Croissant von der B\u00e4ckerei (mit Marmelade, Trinkschokolade, pur), Butter, Marmelade, Fruchtsaft, pro Person ein Wei\u00dfbrot- oder Vollkornbr\u00f6tchen, Cornflakes, pro Person ein Natur- oder Fruchtjoghurt. Kurzfr\u00fchst\u00fcck 3 \u20ac pro Person: pro Person ein Croissant, Kaffee\/ Tee, Milch.[\/vc_column_text][\/vc_accordion_tab][vc_accordion_tab title=&#8220;Suite \u201eDependance\u201c mit Balkon&#8220;][vc_column_text]75 m\u00b2 Apartment, 4 Schlafpl\u00e4tze und ein Balkon mit Sicht auf das Meer: ein Doppelbettzimmer, 1 Doppelzimmer, Wohnzimmer mit Schlafcouch und Kochnische, 1 Badezimmer, Klimaanlage, Fernseher, Waschmaschine, Geschirrsp\u00fcler, WLAN-Internetzugang.<\/p>\n<p><strong>Es befindet sich 50 Meter vom Hauptgeb\u00e4ude der Villa Gabriella entfernt.<\/strong><\/p>\n<h3>Preis pro Nacht (2 Personen)<\/h3>\n<p>Nebensaison: 119 \u20ac, Hochsaison: 159 \u20ac<\/p>\n<p>Zusatzbett f\u00fcr Erwachsene: mind. 30 \u20ac &#8211; max. 40 \u20ac<br \/>\nZusatzbett Kind: mind. 20 \u20ac &#8211; max. 30 \u20ac<\/p>\n<h3>Preis pro Woche (2 Personen)<\/h3>\n<p>Nebensaison: 714 \u20ac, Hochsaison: 954 \u20ac<\/p>\n<p>Zusatzbett f\u00fcr Erwachsene: mind. 180 \u20ac &#8211; max. 300 \u20ac<br \/>\nZusatzbett Kind: mind. 120 \u20ac &#8211; max. 180 \u20ac<\/p>\n<p><strong>Im Preis der Apartments und Suiten mit K\u00fcche sind inbegriffen:<\/strong> Bereitstellung von Bett- und Badw\u00e4sche, Toilettenartikel, WLAN-Internetzugang, Reinigung und Reinigungsservice nach der H\u00e4lfte des Aufenthaltes (f\u00fcr Aufenthalte l\u00e4nger als 3 Tage).<\/p>\n<p><strong>Die Endreinigung von 25 \u20ac und die Kurtaxe sind nicht im Preis der Apartments inbegriffen und f\u00fcr bis zu f\u00fcnf Tagen obligatorisch:<\/strong> 1,05 \u20ac pro Tag und Person unter 16 Jahren im Apartment, 2,10 \u20ac pro Tag und Person \u00fcber 16 Jahren im B&amp;B, 50% Erm\u00e4\u00dfigung f\u00fcr Jugendliche zwischen 11 und 17 Jahren. Davon befreit sind Kinder unter 11 Jahren.<\/p>\n<p><strong>Nicht im Preis der Apartments inbegriffen und freiwillig:<\/strong> Italienisches Fr\u00fchst\u00fcck, das im Apartment einzunehmen ist (nicht im Preis inbegriffen, auf Anfrage, 6 \u20ac pro Person): Kaffee (Mokka- oder amerikanischer Kaffee), Milch, Trinkschokolade, Tee, pro Person ein frisches Croissant von der B\u00e4ckerei (mit Marmelade, Trinkschokolade, pur), Butter, Marmelade, Fruchtsaft, pro Person ein Wei\u00dfbrot- oder Vollkornbr\u00f6tchen, Cornflakes, pro Person ein Natur- oder Fruchtjoghurt. Kurzfr\u00fchst\u00fcck 3 \u20ac pro Person: pro Person ein Croissant, Kaffee\/ Tee, Milch.[\/vc_column_text][\/vc_accordion_tab][vc_accordion_tab title=&#8220;100 m\u00b2 gro\u00dfes Komfortapartment&#8220;][vc_column_text]100 m\u00b2 Apartment, 5 Schlafpl\u00e4tze + 2 in Mansardenzimmern: 1 Doppelbettzimmer + Schlafcouch, 1 Doppelzimmer, 1 Einzelbettzimmer, K\u00fcche\/ Esszimmer, 2 Badezimmer, Klimaanlage, Fernseher, Waschmaschine, Geschirrsp\u00fcler, WLAN-Internetzugang.<\/p>\n<h3>Preis pro Nacht (2 Personen)<\/h3>\n<p>Nebensaison: \u20ac 129, Hochsaison: 169 \u20ac<\/p>\n<p>Zusatzbett f\u00fcr Erwachsene: mind. 30 \u20ac &#8211; max. 40 \u20ac<br \/>\nZusatzbett Kind: mind. 20 \u20ac &#8211; max. 30 \u20ac<\/p>\n<h3>Preis pro Woche (2 Personen)<\/h3>\n<p>Nebensaison: 774 , Hochsaison: 1014 \u20ac<\/p>\n<p>Zusatzbett f\u00fcr Erwachsene: mind. 180 \u20ac &#8211; max. 300 \u20ac<br \/>\nZusatzbett Kind: mind. 120 \u20ac &#8211; max. 180 \u20ac<\/p>\n<p><strong>Im Preis der Apartments und Suiten mit K\u00fcche sind inbegriffen:<\/strong> Bereitstellung von Bett- und Badw\u00e4sche, Toilettenartikel, WLAN-Internetzugang, Reinigung und Reinigungsservice nach der H\u00e4lfte des Aufenthaltes (f\u00fcr Aufenthalte l\u00e4nger als 3 Tage).<\/p>\n<p><strong>Die Endreinigung von 25 \u20ac und die Kurtaxe sind nicht im Preis der Apartments inbegriffen und f\u00fcr bis zu f\u00fcnf Tagen obligatorisch:<\/strong> 1,05 \u20ac pro Tag und Person unter 16 Jahren im Apartment, 2,10 \u20ac pro Tag und Person \u00fcber 16 Jahren im B&amp;B, 50% Erm\u00e4\u00dfigung f\u00fcr Jugendliche zwischen 11 und 17 Jahren. Davon befreit sind Kinder unter 11 Jahren.<\/p>\n<p><strong>Nicht im Preis der Apartments inbegriffen und freiwillig:<\/strong> Italienisches Fr\u00fchst\u00fcck, das im Apartment einzunehmen ist (nicht im Preis inbegriffen, auf Anfrage, 6 \u20ac pro Person): Kaffee (Mokka- oder amerikanischer Kaffee), Milch, Trinkschokolade, Tee, pro Person ein frisches Croissant von der B\u00e4ckerei (mit Marmelade, Trinkschokolade, pur), Butter, Marmelade, Fruchtsaft, pro Person ein Wei\u00dfbrot- oder Vollkornbr\u00f6tchen, Cornflakes, pro Person ein Natur- oder Fruchtjoghurt. Kurzfr\u00fchst\u00fcck 3 \u20ac pro Person: pro Person ein Croissant, Kaffee\/ Tee, Milch.[\/vc_column_text][\/vc_accordion_tab][\/vc_accordion][\/vc_column][\/vc_row]<\/p>\n","protected":false},"excerpt":{"rendered":"<p>[vc_row][vc_column][vc_row_inner][vc_column_inner][vc_column_text]Die Preise der Zimmer und Appartements in unserem Bed and Breakfast variieren je nach Jahreszeit. * Nebensaison: 15.11. &#8211; 30.03., Hochsaison: 1. 4. &#8211; 14.11.; Spezialangebote Hochsaison: Karneval, Ostern, Weihnachten, Neujahr, Woche der Er\u00f6ffnung der Biennale und die Woche darauf, Filmausstellung: variable Preise auf Anfrage; H\u00f6chstpreis pro Apartment und Tag 400 \u20ac. Maximaler Preis pro [&hellip;]<\/p>\n","protected":false},"author":3,"featured_media":0,"parent":0,"menu_order":0,"comment_status":"closed","ping_status":"closed","template":"","meta":[],"_links":{"self":[{"href":"https:\/\/www.villagabriella.net\/de\/wp-json\/wp\/v2\/pages\/1435"}],"collection":[{"href":"https:\/\/www.villagabriella.net\/de\/wp-json\/wp\/v2\/pages"}],"about":[{"href":"https:\/\/www.villagabriella.net\/de\/wp-json\/wp\/v2\/types\/page"}],"author":[{"embeddable":true,"href":"https:\/\/www.villagabriella.net\/de\/wp-json\/wp\/v2\/users\/3"}],"replies":[{"embeddable":true,"href":"https:\/\/www.villagabriella.net\/de\/wp-json\/wp\/v2\/comments?post=1435"}],"version-history":[{"count":4,"href":"https:\/\/www.villagabriella.net\/de\/wp-json\/wp\/v2\/pages\/1435\/revisions"}],"predecessor-version":[{"id":1491,"href":"https:\/\/www.villagabriella.net\/de\/wp-json\/wp\/v2\/pages\/1435\/revisions\/1491"}],"wp:attachment":[{"href":"https:\/\/www.villagabriella.net\/de\/wp-json\/wp\/v2\/media?parent=1435"}],"curies":[{"name":"wp","href":"https:\/\/api.w.org\/{rel}","templated":true}]}}