{"id":1442,"date":"2016-01-13T10:23:36","date_gmt":"2016-01-13T09:23:36","guid":{"rendered":"https:\/\/www.villagabriella.net\/?page_id=1442"},"modified":"2016-05-05T14:35:12","modified_gmt":"2016-05-05T12:35:12","slug":"lido-strand-von-venedig","status":"publish","type":"page","link":"https:\/\/www.villagabriella.net\/de\/lido-strand-von-venedig\/","title":{"rendered":"Lido, Strand von Venedig!"},"content":{"rendered":"<p>[vc_row][vc_column][vc_column_text]<\/p>\n<p style=\"text-align: center;\"><strong>Lido, Strand von Venedig!<\/strong><\/p>\n<p style=\"text-align: center;\"><a href=\"https:\/\/www.villagabriella.net\/wp-content\/uploads\/2015\/01\/lidoveniceseashore.jpg\"><img loading=\"lazy\" class=\" size-full wp-image-644 aligncenter\" src=\"https:\/\/www.villagabriella.net\/wp-content\/uploads\/2015\/01\/lidoveniceseashore.jpg\" alt=\"lidoveniceseashore\" width=\"546\" height=\"362\" srcset=\"https:\/\/www.villagabriella.net\/wp-content\/uploads\/2015\/01\/lidoveniceseashore.jpg 546w, https:\/\/www.villagabriella.net\/wp-content\/uploads\/2015\/01\/lidoveniceseashore-300x199.jpg 300w, https:\/\/www.villagabriella.net\/wp-content\/uploads\/2015\/01\/lidoveniceseashore-2x1.jpg 2w\" sizes=\"(max-width: 546px) 100vw, 546px\" \/><\/a><\/p>\n<p style=\"text-align: center;\"><a href=\"https:\/\/veneziaeilsuolido.it\/\"><img loading=\"lazy\" class=\" size-full wp-image-643 aligncenter\" src=\"https:\/\/www.villagabriella.net\/wp-content\/uploads\/2015\/01\/menu.jpg\" alt=\"menu\" width=\"509\" height=\"127\" srcset=\"https:\/\/www.villagabriella.net\/wp-content\/uploads\/2015\/01\/menu.jpg 509w, https:\/\/www.villagabriella.net\/wp-content\/uploads\/2015\/01\/menu-300x75.jpg 300w, https:\/\/www.villagabriella.net\/wp-content\/uploads\/2015\/01\/menu-4x1.jpg 4w\" sizes=\"(max-width: 509px) 100vw, 509px\" \/><\/a><\/p>\n<p style=\"text-align: center;\"><em><span style=\"text-decoration: underline;\">Besuchen Sie die <a href=\"https:\/\/veneziaeilsuolido.it\/\" target=\"_blank\">offizielle Webseite<\/a><\/span> des Konsortiums f\u00fcr Tourismus auf der Insel Lido von Venedig.<\/em><\/p>\n<p style=\"text-align: center;\"><em>#Lidoview\u00a0 #veniceseashore<\/em><\/p>\n<hr \/>\n<p>Liebe Freunde und G\u00e4ste der Villa Gabriella B&amp;B Apartments, wenn Sie am Lido von Venedig ankommen, k\u00f6nnen Sie w\u00e4hrend Ihres Aufenthaltes viele Freizeit- und Sportaktivit\u00e4ten, zahlreiche Einkaufsm\u00f6glichkeiten, das Meer und die Entspannung am Strand genie\u00dfen!<\/p>\n<ul>\n<li>Werfen Sie einen Blick auf <em><span style=\"text-decoration: underline;\"><a href=\"https:\/\/veneziaeilsuolido.it\/\" target=\"_blank\">diese Webseite<\/a><\/span><\/em> <span style=\"text-decoration: underline;\">\u00a0<\/span>um den Lido, Strand von Venedig zu genie\u00dfen!<\/li>\n<li>Wenn Sie mehr \u00fcber den Lido, den Strand von Venedig wissen m\u00f6chten, <a href=\"https:\/\/it.m.wikipedia.org\/wiki\/Lido_di_Venezia#section_1\">dann klicken Sie hier!<\/a><span style=\"text-decoration: underline;\"><strong>!<\/strong><\/span><\/li>\n<li>Wenn Sie wissen m\u00f6chten, welche Freizeitaktivit\u00e4ten Sie in Venedig haben, <a href=\"https:\/\/www.veneziaunica.it\/en\">dann klicken Sie hier!<\/a><\/li>\n<li>Schauen Sie sich diese Videos unten an, um sich f\u00fcr Ihre freie Zeit bei Ihrem n\u00e4chsten Urlaub in Venedig Lido zu inspirieren!<\/li>\n<\/ul>\n<p>Also bis bald! <em>Von Stefano und Alessandra Calandra \u2013 Villa Gabriella &#8211; Lido Venedig<\/em><\/p>\n<p>&nbsp;<\/p>\n<p><iframe loading=\"lazy\" src=\"https:\/\/www.youtube.com\/embed\/XiCTSljC_iA\" width=\"420\" height=\"315\" frameborder=\"0\" allowfullscreen=\"allowfullscreen\"><\/iframe><\/p>\n<h3><\/h3>\n<h3><\/h3>\n<h3>Lido di Venezia,<strong>\u00a0Strand von Venedig!<\/strong><\/h3>\n<h3><\/h3>\n<h3><iframe loading=\"lazy\" src=\"https:\/\/www.youtube.com\/embed\/3mTE2JY8RV8\" width=\"560\" height=\"315\" frameborder=\"0\" allowfullscreen=\"allowfullscreen\"><\/iframe><\/h3>\n<h3><\/h3>\n<h3><\/h3>\n<h3>Lido di Venezia &#8211; Impressions<\/h3>\n<h3><\/h3>\n<h3><iframe loading=\"lazy\" src=\"https:\/\/www.youtube.com\/embed\/O62Ty-QWgaQ\" width=\"560\" height=\"315\" frameborder=\"0\" allowfullscreen=\"allowfullscreen\"><\/iframe><\/h3>\n<h3 class=\"yt\"><\/h3>\n<h3 class=\"yt\"><\/h3>\n<h3 id=\"watch-headline-title\" class=\"yt\"><span id=\"eow-title\" class=\"watch-title yt-uix-expander-head\" dir=\"ltr\" title=\"The Seashore of Venice: live the experience\"><strong>Strand von Venedig!<\/strong>: live the experience<\/span><\/h3>\n<p><iframe loading=\"lazy\" src=\"https:\/\/www.youtube.com\/embed\/l7G2_15BmRw\" width=\"560\" height=\"350\" frameborder=\"0\" allowfullscreen=\"allowfullscreen\"><\/iframe>[\/vc_column_text][\/vc_column][\/vc_row]<\/p>\n","protected":false},"excerpt":{"rendered":"<p>[vc_row][vc_column][vc_column_text] Lido, Strand von Venedig! Besuchen Sie die offizielle Webseite des Konsortiums f\u00fcr Tourismus auf der Insel Lido von Venedig. #Lidoview\u00a0 #veniceseashore Liebe Freunde und G\u00e4ste der Villa Gabriella B&amp;B Apartments, wenn Sie am Lido von Venedig ankommen, k\u00f6nnen Sie w\u00e4hrend Ihres Aufenthaltes viele Freizeit- und Sportaktivit\u00e4ten, zahlreiche Einkaufsm\u00f6glichkeiten, das Meer und die Entspannung am [&hellip;]<\/p>\n","protected":false},"author":3,"featured_media":0,"parent":0,"menu_order":0,"comment_status":"closed","ping_status":"closed","template":"","meta":[],"_links":{"self":[{"href":"https:\/\/www.villagabriella.net\/de\/wp-json\/wp\/v2\/pages\/1442"}],"collection":[{"href":"https:\/\/www.villagabriella.net\/de\/wp-json\/wp\/v2\/pages"}],"about":[{"href":"https:\/\/www.villagabriella.net\/de\/wp-json\/wp\/v2\/types\/page"}],"author":[{"embeddable":true,"href":"https:\/\/www.villagabriella.net\/de\/wp-json\/wp\/v2\/users\/3"}],"replies":[{"embeddable":true,"href":"https:\/\/www.villagabriella.net\/de\/wp-json\/wp\/v2\/comments?post=1442"}],"version-history":[{"count":4,"href":"https:\/\/www.villagabriella.net\/de\/wp-json\/wp\/v2\/pages\/1442\/revisions"}],"predecessor-version":[{"id":1547,"href":"https:\/\/www.villagabriella.net\/de\/wp-json\/wp\/v2\/pages\/1442\/revisions\/1547"}],"wp:attachment":[{"href":"https:\/\/www.villagabriella.net\/de\/wp-json\/wp\/v2\/media?parent=1442"}],"curies":[{"name":"wp","href":"https:\/\/api.w.org\/{rel}","templated":true}]}}