{"id":1444,"date":"2016-01-13T10:45:35","date_gmt":"2016-01-13T09:45:35","guid":{"rendered":"https:\/\/www.villagabriella.net\/?page_id=1444"},"modified":"2018-03-06T19:24:57","modified_gmt":"2018-03-06T18:24:57","slug":"lage","status":"publish","type":"page","link":"https:\/\/www.villagabriella.net\/de\/lage\/","title":{"rendered":"Lage"},"content":{"rendered":"<p>[vc_row][vc_column][vc_column_text]<\/p>\n<h1>So erreichen Sie das Bed &amp; Breakfast Villa Gabriella.<\/h1>\n<p><iframe loading=\"lazy\" style=\"border: 0; width: 100%; height: 400px;\" src=\"https:\/\/www.google.com\/maps\/embed?pb=!1m18!1m12!1m3!1d22404.041503924116!2d12.35609727352151!3d45.419316732037245!2m3!1f0!2f0!3f0!3m2!1i1024!2i768!4f13.1!3m3!1m2!1s0x477eafa5096daf15%3A0x8762a7c40d14f9a2!2sVilla+Gabriella+B%26B+and+Apartments+beach+front!5e0!3m2!1sit!2sit!4v1420557920676\" width=\"300\" height=\"150\" frameborder=\"0\"><\/iframe><\/p>\n<h3 class=\"force_dir\"><\/h3>\n<h3 class=\"force_dir\">1) Mit dem Flugzeug<\/h3>\n<div class=\"force_dir\"><strong><span lang=\"it\">Von Venedigs Marco Polo Flughafen-Terminal zum F\u00e4hrterminal oder Autobusbahnhof Piazzale Roma:<\/span><\/strong><\/div>\n<div class=\"force_dir\"><span lang=\"it\"><em><strong>1. Anfahrtsm\u00f6glichkeit: <\/strong><\/em>Vom Flughafen aus nehmen Sie die F\u00e4hre Alilaguna (au\u00dferhalb des Flughafens der Beschilderung f\u00fcr das Taxi folgen, ca. 7 Gehminuten). Die Fahrt dauert etwa eine Stunde.<br \/>\nWasserbuslinie Alilaguna vom Flughafen nach Lido SME (<a href=\"https:\/\/www.alilaguna.it\/en\/linea-blu\" target=\"_blank\" rel=\"nofollow noopener noreferrer\">blaue Linie<\/a>) oder zum Kongresspalast Lido (<a href=\"https:\/\/www.alilaguna.it\/en\/linea-rossa\" target=\"_blank\" rel=\"nofollow noopener noreferrer\">rote Linie, von April bis Oktober<\/a>) (<a href=\"https:\/\/www.alilaguna.it\/en\/tickets1\/fares\" target=\"_blank\" rel=\"nofollow noopener noreferrer\">Preise<\/a>)<\/span><\/div>\n<p><span lang=\"it\"><em><strong>2. Anfahrtsm\u00f6glichkeit:<\/strong><\/em> Au\u00dferhalb des Flughafens nehmen Sie direkt eine Bus der Buslinie ACTV (\u00f6ffentliches Verkehrsmittel, Nr. 5) oder ATVO (blauer Privatbus). Dann am Piazzale Roma den <a href=\"https:\/\/actv.avmspa.it\/en\/content\/orari-servizio-di-navigazione-0\" target=\"_blank\" rel=\"nofollow noopener noreferrer\">vaporetto n. 5.1<\/a> zum Lido nehmen (<a href=\"https:\/\/www.actv.it\/muoversiavenezia\/prezziinvigore\" target=\"_blank\" rel=\"nofollow noopener noreferrer\">Preise<\/a>) &#8211; Die Fahrt dauert etwa 35 Minuten.<\/span> Buslinie 5 (Fahrpl\u00e4ne) (Preise)<br \/>\nPrivate Buslinie ATVO (Fahrzeiten) (Preise)<\/p>\n<p><strong>Vom Flughafen Treviso nach Venedig Piazzale Roma:<\/strong> im Anschluss an den Flug nach Venedig auf dem Piazzale Roma (1 Stunde). Dann am Piazzale Roma den <a href=\"https:\/\/actv.avmspa.it\/en\/content\/orari-servizio-di-navigazione-0\" target=\"_blank\" rel=\"noopener noreferrer\">Vaporetto\u00a0Nr. 51<\/a> zum Lido nehmen (<a href=\"https:\/\/www.actv.it\/muoversiavenezia\/prezziinvigore\" target=\"_blank\" rel=\"noopener noreferrer\">Preise<\/a>). Die Fahrt dauert etwa 35 Minuten.<\/p>\n<p><a href=\"https:\/\/www.trevisoairport.it\/page\/tsf\/servizi\/trasporti\/mezzipubblici\/treni?m=4140211&amp;language=en\" target=\"_blank\" rel=\"noopener noreferrer\">Flughafen Treviso &amp; Anschl\u00fcsse<\/a> (<a href=\"https:\/\/www.atvo.it\/index.php?lang=en&amp;area=23&amp;menuid=36&amp;view_pc=%21\" target=\"_blank\" rel=\"noopener noreferrer\">Fahrzeiten<\/a>) (<a href=\"https:\/\/www.atvo.it\/index.php?lang=en&amp;area=19&amp;menuid=19\" target=\"_blank\" rel=\"noopener noreferrer\">Preise<\/a>)<br \/>\n<a href=\"https:\/\/www.actv.it\/\" target=\"_blank\" rel=\"noopener noreferrer\">ACTV-Transporte<\/a><br \/>\n<a href=\"https:\/\/www.actv.it\/muoversiavenezia\/prezziinvigore\" target=\"_blank\" rel=\"noopener noreferrer\">ACTV aktuelle Preise<\/a><\/p>\n<p><a href=\"httpss:\/\/maps.google.it\/maps\/ms?hl=it&amp;gl=it&amp;ie=UTF8&amp;oe=UTF8&amp;msa=0&amp;msid=210537908239018879799.0004bf4516a8be384e7a6#bmb=1\" target=\"_blank\" rel=\"noopener noreferrer\">Siehe Karte des Fu\u00dfweges<\/a> vom Terminal der Vaporetti bis zur Villa Gabriella.<\/p>\n<p>&nbsp;<\/p>\n<p>&nbsp;<\/p>\n<h3>\u00a0<span lang=\"it\">2) Mit dem Auto<\/span><\/h3>\n<p>Wenn Sie mit dem Auto anreisen, von der Haltestelle Tronchetto aus, am Ende der \u201ePonte della Libert\u00e0\u201c (die Freiheitsbr\u00fccke verbindet Mestre mit Venedig) zur Insel Lido die F\u00e4hre nehmen. Sie werden das Verkehrszeichen \u201eTraghetto per il Lido\u201c sehen. Die F\u00e4hre ist eine g\u00fcnstige Alternative zum Parkhaus in Venedig und f\u00e4hrt alle 50 Minuten.<br \/>\n<span style=\"text-decoration: underline;\">Sie k\u00f6nnen Ihr Auto ganz einfach auf der Stra\u00dfe nahe der Villa Gabriella parken<\/span>, der Parkplatz ist immer kostenlos, verf\u00fcgbar und sicher.<br \/>\nWir empfehlen Ihnen, f\u00fcr die gesamte Dauer Ihres Aufenthaltes f\u00fcr alle Personen beim ACTV, 200 Meter vor der Anlegestelle der F\u00e4hre, Karten im Vorverkauf zu erwerben. Am Einschiffungspier der F\u00e4hre k\u00f6nnen nur die Tickts f\u00fcr Ihr Auto erworben werden.<\/p>\n<p>Die F\u00e4hre Buchen<br \/>\n<a href=\"https:\/\/maps.google.it\/maps\/ms?oe=utf-8&amp;client=firefox-a&amp;ie=UTF8&amp;hl=it&amp;msa=0&amp;msid=210537908239018879799.00049b3a91a019fbd3bff&amp;ll=45.43953,12.306844&amp;spn=0.004487,0.011362&amp;t=h&amp;z=17\" target=\"_blank\" rel=\"noopener noreferrer\">Siehe Karte von Tronchetto<\/a>, F\u00e4hrhafen des Lido.<br \/>\n<a href=\"https:\/\/maps.google.it\/maps\/ms?oe=utf-8&amp;client=firefox-a&amp;ie=UTF8&amp;hl=it&amp;msa=0&amp;msid=210537908239018879799.00049b3a974ab8f9d3b7f&amp;t=h&amp;z=14\" target=\"_blank\" rel=\"noopener noreferrer\">Siehe Fahrtkarte<\/a> vom F\u00e4hrhafen bis zur Villa Gabriella<br \/>\n<a href=\"httpss:\/\/maps.google.it\/maps\/ms?hl=it&amp;gl=it&amp;ie=UTF8&amp;oe=UTF8&amp;msa=0&amp;msid=210537908239018879799.0004bf4516a8be384e7a6#bmb=1\" target=\"_blank\" rel=\"noopener noreferrer\">Siehe Karte des Fu\u00dfweges<\/a> vom Terminal der Vaporetti bis zur Villa Gabriella.<\/p>\n<p>&nbsp;<\/p>\n<p>&nbsp;<\/p>\n<h3>\u00a0<span lang=\"it\">3) Mit dem Zug<\/span><\/h3>\n<p>Aus dem Zug aussteigen und den Bahnhof verlassen. Auf der gegen\u00fcberliegenden Seite finden Sie auf der rechten Seite, in etwa 50 Metern, die Haltestelle des \u201eVaporetto\u201c. Dann am Piazzale Roma den <a href=\"https:\/\/actv.avmspa.it\/en\/content\/orari-servizio-di-navigazione-0\" target=\"_blank\" rel=\"noopener noreferrer\">Vaporetto Nr. 51<\/a> zum Lido nehmen (<a href=\"https:\/\/www.actv.it\/muoversiavenezia\/prezziinvigore\" target=\"_blank\" rel=\"noopener noreferrer\">Preise<\/a>). Die Fahrt dauert etwa 35 Minuten.<\/p>\n<p>Sobald Sie sich auf der Insel Lido befinden, k\u00f6nnen Sie den Bus nehmen, oder bis zur Villa Gabriella laufen (15 Gehminuten, 4 Minuten mit dem Bus). Der Bus der Linie \u201eV\u201c &#8211; St\u00fcndliche Fahrten. (<a href=\"https:\/\/www.actv.it\/en\/movingmainland\/urbanlines\" target=\"_blank\" rel=\"noopener noreferrer\">Fahrtzeiten ST\u00c4DTISCHES NETZ LIDO<\/a>) (<a href=\"https:\/\/www.actv.it\/en\/movinginvenice\/movinginvenice\" target=\"_blank\" rel=\"noopener noreferrer\">Preise<\/a>). Dieser Dienst wird im Winter bis 20.30 Uhr, im Sommer bis Mitternacht angeboten. Steigen Sie an der <span style=\"text-decoration: underline;\">4. Haltestelle (4 Minuten)<\/span> \u201eSpiaggia Consorzio Hotel\u201c aus. Villa Gabriella ist gegen\u00fcber: um das Geb\u00e4ude laufen, Eingang in Via Istria Nr. 12.<\/p>\n<p><a href=\"https:\/\/www.actv.it\/muoversiavenezia\/prezziinvigore\" target=\"_blank\" rel=\"noopener noreferrer\">ACTV aktuelle Preise<\/a><\/p>\n<p><a href=\"httpss:\/\/maps.google.it\/maps\/ms?hl=it&amp;gl=it&amp;ie=UTF8&amp;oe=UTF8&amp;msa=0&amp;msid=210537908239018879799.0004bf4516a8be384e7a6#bmb=1\" target=\"_blank\" rel=\"noopener noreferrer\">Siehe Karte des Fu\u00dfweges<\/a> vom Terminal der Vaporetti bis zur Villa Gabriella.<\/p>\n<p>&nbsp;<\/p>\n<p>&nbsp;<\/p>\n<h3>4) Ab Schiff (Hafen von Venedig)<\/h3>\n<p>Der beste Weg zur Villa Gabriella vom Schiff aus:<\/p>\n<p>300 Meter bis zum \u201ePeople Mover\u201c gehen,<br \/>\ndiesen in Richtung Piazzale Roma nehmen (Reise ca. 3 Minuten)<br \/>\nAm Piazzale Roma den <a href=\"https:\/\/actv.avmspa.it\/en\/content\/orari-servizio-di-navigazione-0\" target=\"_blank\" rel=\"noopener noreferrer\">Vaporetto\u00a0Nr. 51<\/a> zum Lido nehmen (<a href=\"https:\/\/www.actv.it\/muoversiavenezia\/prezziinvigore\" target=\"_blank\" rel=\"noopener noreferrer\">Preise<\/a>). Die Fahrt dauert etwa 35 Minuten.<br \/>\nVom Lido aus (600 Meter, <a href=\"httpss:\/\/maps.google.it\/maps\/ms?msid=210537908239018879799.0004bf4516a8be384e7a6&amp;msa=0\" target=\"_blank\" rel=\"noopener noreferrer\">hier die Karte f\u00fcr den 10-min\u00fctigen Gehweg ausdrucken<\/a>) zur Villa Gabriella laufen, den \u201eV\u201c-Bus bis zur vierten Haltestelle (4 Minuten Fahrt) oder ein Taxi (12 \u20ac) nehmen.<br \/>\n<a href=\"https:\/\/www.actv.it\/muoversiavenezia\/prezziinvigore\" target=\"_blank\" rel=\"noopener noreferrer\">ACTV aktuelle Preise<\/a><br \/>\n<a href=\"httpss:\/\/maps.google.it\/maps\/ms?hl=it&amp;gl=it&amp;ie=UTF8&amp;oe=UTF8&amp;msa=0&amp;msid=210537908239018879799.0004bf4516a8be384e7a6#bmb=1\" target=\"_blank\" rel=\"noopener noreferrer\">Siehe Karte des Fu\u00dfweges<\/a> vom Terminal der Vaporetti bis zur Villa Gabriella.<\/p>\n<p>&nbsp;<\/p>\n<p>&nbsp;<\/p>\n<h3 class=\"force_dir\"><span lang=\"it\">5) Wie man sich in Venedig fortbewegt.<\/span><\/h3>\n<p><a href=\"https:\/\/actv.it\/sites\/default\/files\/pieghevole_4ante_26x52_Webdef%281%29.pdf\" target=\"_blank\" rel=\"noopener noreferrer\">Fahrtzeiten der ACTV<\/a>, des \u00f6ffentlichen Vaporetti, um sich in Venedig und ab Lido zu bewegen.<br \/>\n<a href=\"https:\/\/www.actv.it\/muoversiavenezia\/prezziinvigore\" target=\"_blank\" rel=\"noopener noreferrer\">ACTV aktuelle Preise<\/a><br \/>\n<a href=\"httpss:\/\/maps.google.it\/maps\/ms?hl=it&amp;gl=it&amp;ie=UTF8&amp;oe=UTF8&amp;msa=0&amp;msid=210537908239018879799.0004bf4516a8be384e7a6#bmb=1\" target=\"_blank\" rel=\"noopener noreferrer\">Siehe Karte<\/a> des Fu\u00dfweges vom Terminal der Vaporetti bis zur Villa Gabriella.<br \/>\n<a href=\"https:\/\/maps.google.it\/maps\/ms?oe=utf-8&amp;client=firefox-a&amp;ie=UTF8&amp;hl=it&amp;msa=0&amp;msid=210537908239018879799.00049b3a974ab8f9d3b7f&amp;t=h&amp;z=14\" target=\"_blank\" rel=\"noopener noreferrer\">Siehe Karte<\/a> vom F\u00e4hrhafen bis zur Villa Gabriella.<br \/>\n<a href=\"https:\/\/maps.google.it\/maps\/ms?oe=utf-8&amp;client=firefox-a&amp;ie=UTF8&amp;hl=it&amp;msa=0&amp;msid=210537908239018879799.00049b3a91a019fbd3bff&amp;ll=45.43953,12.306844&amp;spn=0.004487,0.011362&amp;t=h&amp;z=17\" target=\"_blank\" rel=\"noopener noreferrer\">Siehe Karte<\/a> von Tronchetto, F\u00e4hrhafen des Lido.<br \/>\n[\/vc_column_text][\/vc_column][\/vc_row]<\/p>\n","protected":false},"excerpt":{"rendered":"<p>[vc_row][vc_column][vc_column_text] So erreichen Sie das Bed &amp; Breakfast Villa Gabriella. 1) Mit dem Flugzeug Von Venedigs Marco Polo Flughafen-Terminal zum F\u00e4hrterminal oder Autobusbahnhof Piazzale Roma: 1. Anfahrtsm\u00f6glichkeit: Vom Flughafen aus nehmen Sie die F\u00e4hre Alilaguna (au\u00dferhalb des Flughafens der Beschilderung f\u00fcr das Taxi folgen, ca. 7 Gehminuten). Die Fahrt dauert etwa eine Stunde. Wasserbuslinie Alilaguna [&hellip;]<\/p>\n","protected":false},"author":3,"featured_media":0,"parent":0,"menu_order":0,"comment_status":"closed","ping_status":"closed","template":"","meta":[],"_links":{"self":[{"href":"https:\/\/www.villagabriella.net\/de\/wp-json\/wp\/v2\/pages\/1444"}],"collection":[{"href":"https:\/\/www.villagabriella.net\/de\/wp-json\/wp\/v2\/pages"}],"about":[{"href":"https:\/\/www.villagabriella.net\/de\/wp-json\/wp\/v2\/types\/page"}],"author":[{"embeddable":true,"href":"https:\/\/www.villagabriella.net\/de\/wp-json\/wp\/v2\/users\/3"}],"replies":[{"embeddable":true,"href":"https:\/\/www.villagabriella.net\/de\/wp-json\/wp\/v2\/comments?post=1444"}],"version-history":[{"count":7,"href":"https:\/\/www.villagabriella.net\/de\/wp-json\/wp\/v2\/pages\/1444\/revisions"}],"predecessor-version":[{"id":1626,"href":"https:\/\/www.villagabriella.net\/de\/wp-json\/wp\/v2\/pages\/1444\/revisions\/1626"}],"wp:attachment":[{"href":"https:\/\/www.villagabriella.net\/de\/wp-json\/wp\/v2\/media?parent=1444"}],"curies":[{"name":"wp","href":"https:\/\/api.w.org\/{rel}","templated":true}]}}