{"id":489,"date":"2015-01-07T22:11:04","date_gmt":"2015-01-07T21:11:04","guid":{"rendered":"https:\/\/www.villagabriella.net\/?page_id=489"},"modified":"2021-04-29T19:09:12","modified_gmt":"2021-04-29T17:09:12","slug":"richiesta-disponibilita","status":"publish","type":"page","link":"https:\/\/www.villagabriella.net\/it\/richiesta-disponibilita\/","title":{"rendered":"Richiesta disponibilit\u00e0"},"content":{"rendered":"<p>[vc_row][vc_column][vc_column_text]<\/p>\n<h1 style=\"text-align: center;\">Richiesta disponibilit\u00e0<\/h1>\n<p style=\"text-align: center;\">Non tutta la disponibilit\u00e0 di Villa Gabriella \u00e8 on-line. Puoi richiedere camere e appartamenti a prezzi e disponibilit\u00e0 pi\u00f9 vicine alle tue esigenze contattandoci direttamente! Risposte garantite entro 24 ore.<\/p>\n<p>[\/vc_column_text][\/vc_column][\/vc_row][vc_row][vc_column width=&#8221;1\/2&#8243;][vc_column_text]<div role=\"form\" class=\"wpcf7\" id=\"wpcf7-f488-o1\" lang=\"it-IT\" dir=\"ltr\">\n<div class=\"screen-reader-response\"><p role=\"status\" aria-live=\"polite\" aria-atomic=\"true\"><\/p> <ul><\/ul><\/div>\n<form action=\"\/it\/wp-json\/wp\/v2\/pages\/489#wpcf7-f488-o1\" method=\"post\" class=\"wpcf7-form init\" novalidate=\"novalidate\" data-status=\"init\">\n<div style=\"display: none;\">\n<input type=\"hidden\" name=\"_wpcf7\" value=\"488\" \/>\n<input type=\"hidden\" name=\"_wpcf7_version\" value=\"5.4.1\" \/>\n<input type=\"hidden\" name=\"_wpcf7_locale\" value=\"it_IT\" \/>\n<input type=\"hidden\" name=\"_wpcf7_unit_tag\" value=\"wpcf7-f488-o1\" \/>\n<input type=\"hidden\" name=\"_wpcf7_container_post\" value=\"0\" \/>\n<input type=\"hidden\" name=\"_wpcf7_posted_data_hash\" value=\"\" \/>\n<\/div>\n<p>Nome e Cognome<br \/>\n    <span class=\"wpcf7-form-control-wrap your-name\"><input type=\"text\" name=\"your-name\" value=\"\" size=\"40\" class=\"wpcf7-form-control wpcf7-text wpcf7-validates-as-required\" aria-required=\"true\" aria-invalid=\"false\" \/><\/span> <\/p>\n<p>Email<br \/>\n    <span class=\"wpcf7-form-control-wrap your-email\"><input type=\"email\" name=\"your-email\" value=\"\" size=\"40\" class=\"wpcf7-form-control wpcf7-text wpcf7-email wpcf7-validates-as-required wpcf7-validates-as-email\" aria-required=\"true\" aria-invalid=\"false\" \/><\/span> <\/p>\n<p>Arrivo: <span class=\"wpcf7-form-control-wrap arrivo\"><input type=\"date\" name=\"arrivo\" value=\"\" class=\"wpcf7-form-control wpcf7-date wpcf7-validates-as-required wpcf7-validates-as-date\" aria-required=\"true\" aria-invalid=\"false\" \/><\/span> - Notti: <span class=\"wpcf7-form-control-wrap notti\"><input type=\"text\" name=\"notti\" value=\"\" size=\"2\" maxlength=\"2\" class=\"wpcf7-form-control wpcf7-text wpcf7-validates-as-required\" aria-required=\"true\" aria-invalid=\"false\" \/><\/span><\/p>\n<p>Adulti: <span class=\"wpcf7-form-control-wrap adulti\"><select name=\"adulti\" class=\"wpcf7-form-control wpcf7-select wpcf7-validates-as-required\" aria-required=\"true\" aria-invalid=\"false\"><option value=\"1\">1<\/option><option value=\"2\">2<\/option><option value=\"3\">3<\/option><option value=\"4\">4<\/option><option value=\"5\">5<\/option><option value=\"6\">6<\/option><option value=\"7\">7<\/option><option value=\"8\">8<\/option><option value=\"9\">9<\/option><option value=\"10\">10<\/option><\/select><\/span> - Bambini: <span class=\"wpcf7-form-control-wrap bambini\"><select name=\"bambini\" class=\"wpcf7-form-control wpcf7-select wpcf7-validates-as-required\" aria-required=\"true\" aria-invalid=\"false\"><option value=\"0\">0<\/option><option value=\"1\">1<\/option><option value=\"2\">2<\/option><option value=\"3\">3<\/option><option value=\"4\">4<\/option><option value=\"5\">5<\/option><option value=\"6\">6<\/option><option value=\"7\">7<\/option><option value=\"8\">8<\/option><option value=\"9\">9<\/option><option value=\"10\">10<\/option><\/select><\/span><\/p>\n<p>Alloggio<br \/>\n   <span class=\"wpcf7-form-control-wrap alloggio\"><select name=\"alloggio\" class=\"wpcf7-form-control wpcf7-select wpcf7-validates-as-required\" aria-required=\"true\" aria-invalid=\"false\"><option value=\"camera matrimoniale standard\">camera matrimoniale standard<\/option><option value=\"camera matrimoniale superior\">camera matrimoniale superior<\/option><option value=\"appartamento\">appartamento<\/option><\/select><\/span><\/p>\n<p>Lingua ( per le comunicazioni)<br \/>\n <span class=\"wpcf7-form-control-wrap lingua\"><input type=\"text\" name=\"lingua\" value=\"\" size=\"40\" class=\"wpcf7-form-control wpcf7-text wpcf7-validates-as-required\" aria-required=\"true\" aria-invalid=\"false\" \/><\/span> <\/p>\n<p>Codice promozionale<br \/>\n<span class=\"wpcf7-form-control-wrap codice\"><input type=\"text\" name=\"codice\" value=\"\" size=\"40\" class=\"wpcf7-form-control wpcf7-text\" aria-invalid=\"false\" \/><\/span><\/p>\n<p>Messaggio<br \/>\n<span class=\"wpcf7-form-control-wrap messaggio\"><textarea name=\"messaggio\" cols=\"40\" rows=\"10\" class=\"wpcf7-form-control wpcf7-textarea\" aria-invalid=\"false\"><\/textarea><\/span><\/p>\n<p>Acconsento al trattamento dei dati personali come da <a href=\"https:\/\/www.villagabriella.net\/it\/privacy-policy\/\" target=\"_blank\">Privacy<\/a> <span class=\"wpcf7-form-control-wrap acceptance-536\"><span class=\"wpcf7-form-control wpcf7-acceptance\"><span class=\"wpcf7-list-item\"><input type=\"checkbox\" name=\"acceptance-536\" value=\"1\" aria-invalid=\"false\" checked=\"checked\" \/><\/span><\/span><\/span><\/p>\n<p><input type=\"submit\" value=\"Invia\" class=\"wpcf7-form-control wpcf7-submit\" \/><\/p>\n<div class=\"wpcf7-response-output\" aria-hidden=\"true\"><\/div><\/form><\/div>[\/vc_column_text][\/vc_column][vc_column width=&#8221;1\/2&#8243;][vc_column_text]<\/p>\n<h3>B&amp;B Villa Gabriella<\/h3>\n<p>Via Istria, 12<\/p>\n<p>30126 Venezia Lido &#8211; Italy<\/p>\n<p>Tel. +39 041 731426<\/p>\n<p>Fax +39 041 8623110<\/p>\n<p>E-mail: info@villagabriella.net[\/vc_column_text][vc_column_text]<a href=\"https:\/\/www.villagabriella.net\/wp-content\/uploads\/2015\/01\/10418246_963099203701989_7837069962895026487_n.jpg\"><img loading=\"lazy\" class=\"size-medium wp-image-1014 aligncenter\" src=\"https:\/\/www.villagabriella.net\/wp-content\/uploads\/2015\/01\/10418246_963099203701989_7837069962895026487_n-300x225.jpg\" alt=\"10418246_963099203701989_7837069962895026487_n\" width=\"300\" height=\"225\" srcset=\"https:\/\/www.villagabriella.net\/wp-content\/uploads\/2015\/01\/10418246_963099203701989_7837069962895026487_n-300x225.jpg 300w, https:\/\/www.villagabriella.net\/wp-content\/uploads\/2015\/01\/10418246_963099203701989_7837069962895026487_n-400x300.jpg 400w, https:\/\/www.villagabriella.net\/wp-content\/uploads\/2015\/01\/10418246_963099203701989_7837069962895026487_n-640x480.jpg 640w, https:\/\/www.villagabriella.net\/wp-content\/uploads\/2015\/01\/10418246_963099203701989_7837069962895026487_n-1x1.jpg 1w, https:\/\/www.villagabriella.net\/wp-content\/uploads\/2015\/01\/10418246_963099203701989_7837069962895026487_n.jpg 960w\" sizes=\"(max-width: 300px) 100vw, 300px\" \/><\/a><\/p>\n<p style=\"text-align: center;\">Saremo lieti di ospitarvi!<\/p>\n<p style=\"text-align: center;\">Alessandra &amp; Stefano<\/p>\n<p>[\/vc_column_text][\/vc_column][\/vc_row]<\/p>\n","protected":false},"excerpt":{"rendered":"<p>[vc_row][vc_column][vc_column_text] Richiesta disponibilit\u00e0 Non tutta la disponibilit\u00e0 di Villa Gabriella \u00e8 on-line. Puoi richiedere camere e appartamenti a prezzi e disponibilit\u00e0 pi\u00f9 vicine alle tue esigenze contattandoci direttamente! Risposte garantite entro 24 ore. [\/vc_column_text][\/vc_column][\/vc_row][vc_row][vc_column width=&#8221;1\/2&#8243;][vc_column_text][\/vc_column_text][\/vc_column][vc_column width=&#8221;1\/2&#8243;][vc_column_text] B&amp;B Villa Gabriella Via Istria, 12 30126 Venezia Lido &#8211; Italy Tel. +39 041 731426 Fax +39 041 8623110 [&hellip;]<\/p>\n","protected":false},"author":3,"featured_media":0,"parent":0,"menu_order":0,"comment_status":"closed","ping_status":"closed","template":"","meta":[],"_links":{"self":[{"href":"https:\/\/www.villagabriella.net\/it\/wp-json\/wp\/v2\/pages\/489"}],"collection":[{"href":"https:\/\/www.villagabriella.net\/it\/wp-json\/wp\/v2\/pages"}],"about":[{"href":"https:\/\/www.villagabriella.net\/it\/wp-json\/wp\/v2\/types\/page"}],"author":[{"embeddable":true,"href":"https:\/\/www.villagabriella.net\/it\/wp-json\/wp\/v2\/users\/3"}],"replies":[{"embeddable":true,"href":"https:\/\/www.villagabriella.net\/it\/wp-json\/wp\/v2\/comments?post=489"}],"version-history":[{"count":15,"href":"https:\/\/www.villagabriella.net\/it\/wp-json\/wp\/v2\/pages\/489\/revisions"}],"predecessor-version":[{"id":1694,"href":"https:\/\/www.villagabriella.net\/it\/wp-json\/wp\/v2\/pages\/489\/revisions\/1694"}],"wp:attachment":[{"href":"https:\/\/www.villagabriella.net\/it\/wp-json\/wp\/v2\/media?parent=489"}],"curies":[{"name":"wp","href":"https:\/\/api.w.org\/{rel}","templated":true}]}}